{"id":5001,"date":"2017-06-14T10:00:19","date_gmt":"2017-06-14T10:00:19","guid":{"rendered":"http:\/\/mirasol-centre.com\/nousite\/es\/?page_id=5001"},"modified":"2026-04-17T04:36:13","modified_gmt":"2026-04-17T04:36:13","slug":"serveis","status":"publish","type":"page","link":"https:\/\/mirasol-centre.com\/es\/serveis\/","title":{"rendered":"Servicios"},"content":{"rendered":"<section class=\"wpb-content-wrapper\"><p>[vc_row][vc_column width=\u00bb2\/3&#8243;][vc_column_text]<strong>En Mira Sol Centro encontrar\u00e1:<br \/>\n<\/strong><\/p>\n<ul>\n<li><strong>Un supermercado Mercadona de 2.000 m2<\/strong><\/li>\n<li><strong>Un mercado municipal con 15 puestos donde puedes encontrar;<\/strong><\/li>\n<\/ul>\n<blockquote>\n<ul>\n<li>Carne (ternera, cerdo, cordero, pollo, ecol\u00f3gica, etc ..)<\/li>\n<li>Productos de Charcuter\u00eda<\/li>\n<li>Pescado<\/li>\n<li>Pesca salada y sushi<\/li>\n<li>Fruta y verdura<\/li>\n<li>Pasta fresca y productos de origen italiano<\/li>\n<li>Comidas preparadas<\/li>\n<li>Legumbres<\/li>\n<li>Vinoteca\/ Enoteca<\/li>\n<li>Servicios de restauraci\u00f3n y degustaci\u00f3n<\/li>\n<\/ul>\n<\/blockquote>\n<ul>\n<li><strong>Locales comerciales donde puedes encontrar;<\/strong><\/li>\n<\/ul>\n<blockquote>\n<ul>\n<li>Servicio de peluquer\u00eda, est\u00e9tica y barberia<\/li>\n<li>Farmacia y Parafarmacia<\/li>\n<li>Panader\u00eda y pastas<\/li>\n<li>Librer\u00eda papeler\u00eda<\/li>\n<li>Centro de educaci\u00f3n postural<\/li>\n<li>Restauraci\u00f3n y Vermuter\u00eda<\/li>\n<li>Llaves y reparaci\u00f3n de zapatos<\/li>\n<li>Lavander\u00eda y arreglos de ropa<\/li>\n<li>Gimnasio 24h<\/li>\n<li>Tienda de moda mujer<\/li>\n<li>Pizzeria ecol\u00f3gica a domicilio<\/li>\n<li>Productos ecol\u00f3gicos y veganos<\/li>\n<li>Centro de terapias<\/li>\n<li>Academia de ingles<\/li>\n<li>Centro pilates<\/li>\n<li>Relojer\u00eda \/ Bisuteria<\/li>\n<li>Bazar chino<\/li>\n<li>M\u00e1quina Fotomat\u00f3n, para vuestras fotograf\u00edas<\/li>\n<li>M\u00e1quina para imprimir tus redes sociales<\/li>\n<li>Estanco<\/li>\n<li>Restaurante Asi\u00e1tico<\/li>\n<\/ul>\n<\/blockquote>\n<ul>\n<li><strong>305 plazas de aparcamiento con 2 horas gratuitas de estacionamiento<br \/>\n<\/strong><\/li>\n<li><strong>Cajero Autom\u00e1tico\u00a0<\/strong><\/li>\n<li><strong>Servicio de vigilancia<\/strong><\/li>\n<li><strong>Servicio de cardioprotecci\u00f3n<\/strong><\/li>\n<li><strong>Servicio ininterrumpido de 09:00 a 21:00<\/strong><\/li>\n<li><strong>Horario aparcamiento de 08:00 a 23:00<\/strong><\/li>\n<\/ul>\n<p>[\/vc_column_text][\/vc_column][vc_column width=\u00bb1\/3&#8243;][vc_gallery type=\u00bbimage_grid\u00bb images=\u00bb756,755,754,753,752,750,749,748,747,746,745,744,743,742&#8243;][\/vc_column][\/vc_row]<\/p>\n<\/section>","protected":false},"excerpt":{"rendered":"<p>[vc_row][vc_column width=\u00bb2\/3&#8243;][vc_column_text]En Mira Sol Centro encontrar\u00e1: Un supermercado Mercadona de 2.000 m2 Un mercado municipal con 15 puestos donde puedes encontrar; Carne (ternera, cerdo, cordero, pollo, ecol\u00f3gica, etc ..) Productos [&hellip;]<\/p>\n","protected":false},"author":1,"featured_media":0,"parent":0,"menu_order":0,"comment_status":"closed","ping_status":"closed","template":"","meta":[],"_links":{"self":[{"href":"https:\/\/mirasol-centre.com\/es\/wp-json\/wp\/v2\/pages\/5001"}],"collection":[{"href":"https:\/\/mirasol-centre.com\/es\/wp-json\/wp\/v2\/pages"}],"about":[{"href":"https:\/\/mirasol-centre.com\/es\/wp-json\/wp\/v2\/types\/page"}],"author":[{"embeddable":true,"href":"https:\/\/mirasol-centre.com\/es\/wp-json\/wp\/v2\/users\/1"}],"replies":[{"embeddable":true,"href":"https:\/\/mirasol-centre.com\/es\/wp-json\/wp\/v2\/comments?post=5001"}],"version-history":[{"count":10,"href":"https:\/\/mirasol-centre.com\/es\/wp-json\/wp\/v2\/pages\/5001\/revisions"}],"predecessor-version":[{"id":8862,"href":"https:\/\/mirasol-centre.com\/es\/wp-json\/wp\/v2\/pages\/5001\/revisions\/8862"}],"wp:attachment":[{"href":"https:\/\/mirasol-centre.com\/es\/wp-json\/wp\/v2\/media?parent=5001"}],"curies":[{"name":"wp","href":"https:\/\/api.w.org\/{rel}","templated":true}]}}