{"id":5333,"date":"2017-07-31T15:20:31","date_gmt":"2017-07-31T15:20:31","guid":{"rendered":"http:\/\/mirasol-centre.com\/es\/?page_id=5333"},"modified":"2018-07-12T07:44:44","modified_gmt":"2018-07-12T07:44:44","slug":"aviso-legal","status":"publish","type":"page","link":"https:\/\/mirasol-centre.com\/es\/aviso-legal\/","title":{"rendered":"Aviso Legal"},"content":{"rendered":"<p><strong>Informaci\u00f3n General<\/strong><\/p>\n<p>El titular del sitio web sitio\u00a0web www.mirasol-centre.com es Subcomunitat plantes baixes zona comercial Mira-sol Centre, con NIF H65166985 y domicilio sito en \u00a0Calle Pza. Ausias March, 1-9. Pta Baja, 08195, Sant Cugat del Valles, (Barcelona). La entidad se encuentra inscrita en el Registro de la Propiedad de Sant Cugat del Vall\u00e8s, Finca 48760, Tomo-libro 1388, Folio 62, Inscripci\u00f3n 4\u00aa.<\/p>\n<p>Con \u00e1nimo de que el uso del sitio web se ajuste a criterios de transparencia, claridad y sencillez, Subcomunitat plantes baixes zona comercial Mira-sol Centre informa al usuario que cualquier sugerencia, duda o consulta sobre el presente Aviso Legal o cualquier otro documento informativo del sitio web ser\u00e1 recibida y solucionada contactando con Subcomunitat plantes baixes zona comercial Mira-sol Centre,\u00a0 a trav\u00e9s de la direcci\u00f3n de correo electr\u00f3nica: info@mira-solcentre.cat<\/p>\n<p><strong>\u00a0Propiedad Intelectual<\/strong><\/p>\n<p>Todos los contenidos que se muestran en el presente sitio web, y en especial dise\u00f1os, textos, im\u00e1genes, logos, iconos, nombres comerciales, marcas o cualquier otra informaci\u00f3n susceptible de utilizaci\u00f3n industrial y\/o comercial est\u00e1n protegidos por los correspondientes derechos de autor, no permitiendo su reproducci\u00f3n, transmisi\u00f3n o registro\u00a0 de informaci\u00f3n salvo autorizaci\u00f3n previa del titular, Subcomunitat plantes baixes zona comercial Mira-sol Centre. No obstante el usuario podr\u00e1 utilizar informaci\u00f3n facilitada para gestionar su pedido y los datos de contacto correspondientes.<\/p>\n<p><strong>Enlaces<\/strong><\/p>\n<p>Subcomunitat plantes baixes zona comercial Mira-sol Centre no asume ninguna responsabilidad sobre los enlaces hac\u00eda otros sitios o p\u00e1ginas web que, en su caso, pudieran incluirse en el mismo, ya que no tiene ning\u00fan tipo de control sobre los mismos, por lo que el usuario accede bajo su exclusiva responsabilidad al contenido y en las condiciones de uso que rijan en los mismos.<\/p>\n","protected":false},"excerpt":{"rendered":"<p>Informaci\u00f3n General El titular del sitio web sitio\u00a0web www.mirasol-centre.com es Subcomunitat plantes baixes zona comercial Mira-sol Centre, con NIF H65166985 y domicilio sito en \u00a0Calle Pza. Ausias March, 1-9. Pta [&hellip;]<\/p>\n","protected":false},"author":1,"featured_media":0,"parent":0,"menu_order":0,"comment_status":"closed","ping_status":"closed","template":"","meta":[],"_links":{"self":[{"href":"https:\/\/mirasol-centre.com\/es\/wp-json\/wp\/v2\/pages\/5333"}],"collection":[{"href":"https:\/\/mirasol-centre.com\/es\/wp-json\/wp\/v2\/pages"}],"about":[{"href":"https:\/\/mirasol-centre.com\/es\/wp-json\/wp\/v2\/types\/page"}],"author":[{"embeddable":true,"href":"https:\/\/mirasol-centre.com\/es\/wp-json\/wp\/v2\/users\/1"}],"replies":[{"embeddable":true,"href":"https:\/\/mirasol-centre.com\/es\/wp-json\/wp\/v2\/comments?post=5333"}],"version-history":[{"count":2,"href":"https:\/\/mirasol-centre.com\/es\/wp-json\/wp\/v2\/pages\/5333\/revisions"}],"predecessor-version":[{"id":6015,"href":"https:\/\/mirasol-centre.com\/es\/wp-json\/wp\/v2\/pages\/5333\/revisions\/6015"}],"wp:attachment":[{"href":"https:\/\/mirasol-centre.com\/es\/wp-json\/wp\/v2\/media?parent=5333"}],"curies":[{"name":"wp","href":"https:\/\/api.w.org\/{rel}","templated":true}]}}