{"id":6032,"date":"2018-07-12T08:12:15","date_gmt":"2018-07-12T08:12:15","guid":{"rendered":"http:\/\/mirasol-centre.com\/legal-newsletter\/"},"modified":"2018-07-12T08:12:51","modified_gmt":"2018-07-12T08:12:51","slug":"legal-newsletter","status":"publish","type":"page","link":"https:\/\/mirasol-centre.com\/es\/legal-newsletter\/","title":{"rendered":"Legal Newsletter"},"content":{"rendered":"<p>Los datos personales facilitados voluntariamente por usted, a trav\u00e9s del presente formulario ser\u00e1n tratados, por Subcomunitat plantes baixes zona comercial Mira-sol Centre como responsable del tratamiento, con la finalidad de atender su solicitud de alta en nuestro servicio de bolet\u00edn, consistente en la recepci\u00f3n de comunicaciones comerciales y de eventos. Los datos ser\u00e1n conservados mientras no manifieste su oposici\u00f3n a seguir recibiendo el servicio solicitado. No se prev\u00e9n cesiones o comunicaciones de datos. Puede usted ejercer los derechos de acceso, rectificaci\u00f3n o supresi\u00f3n de sus datos, dirigi\u00e9ndose a Pza. Ausias March, 1-9. Pta Baja 08195 Sant Cugat del Valles (Barcelona), para m\u00e1s informaci\u00f3n al respecto, puede consultar nuestra Pol\u00edtica de Privacidad en www.mirasol-centre.cat, <a href=\"http:\/\/www.mirasol-centre.com\">www.mirasol-centre.com<\/a>.<\/p>\n","protected":false},"excerpt":{"rendered":"<p>Los datos personales facilitados voluntariamente por usted, a trav\u00e9s del presente formulario ser\u00e1n tratados, por Subcomunitat plantes baixes zona comercial Mira-sol Centre como responsable del tratamiento, con la finalidad de [&hellip;]<\/p>\n","protected":false},"author":1,"featured_media":0,"parent":0,"menu_order":0,"comment_status":"closed","ping_status":"closed","template":"","meta":[],"_links":{"self":[{"href":"https:\/\/mirasol-centre.com\/es\/wp-json\/wp\/v2\/pages\/6032"}],"collection":[{"href":"https:\/\/mirasol-centre.com\/es\/wp-json\/wp\/v2\/pages"}],"about":[{"href":"https:\/\/mirasol-centre.com\/es\/wp-json\/wp\/v2\/types\/page"}],"author":[{"embeddable":true,"href":"https:\/\/mirasol-centre.com\/es\/wp-json\/wp\/v2\/users\/1"}],"replies":[{"embeddable":true,"href":"https:\/\/mirasol-centre.com\/es\/wp-json\/wp\/v2\/comments?post=6032"}],"version-history":[{"count":1,"href":"https:\/\/mirasol-centre.com\/es\/wp-json\/wp\/v2\/pages\/6032\/revisions"}],"predecessor-version":[{"id":6033,"href":"https:\/\/mirasol-centre.com\/es\/wp-json\/wp\/v2\/pages\/6032\/revisions\/6033"}],"wp:attachment":[{"href":"https:\/\/mirasol-centre.com\/es\/wp-json\/wp\/v2\/media?parent=6032"}],"curies":[{"name":"wp","href":"https:\/\/api.w.org\/{rel}","templated":true}]}}