{"id":6616,"date":"2021-07-15T14:15:49","date_gmt":"2021-07-15T14:15:49","guid":{"rendered":"https:\/\/mirasol-centre.com\/?page_id=6616"},"modified":"2021-07-15T14:15:49","modified_gmt":"2021-07-15T14:15:49","slug":"terminos-y-condiciones","status":"publish","type":"page","link":"https:\/\/mirasol-centre.com\/es\/terminos-y-condiciones\/","title":{"rendered":"T\u00e9rminos y condiciones"},"content":{"rendered":"<p>En cumplimiento con el deber de informaci\u00f3n recogido en art\u00edculo 10 de la Ley 34\/2002, de 11 de Julio, de Servicios de la Sociedad de la Informaci\u00f3n y del Comercio Electr\u00f3nico, le informamos que el Sitio Web mirasolacasa.cat (en adelante, la \u201cWeb\u201d) es titularidad de SUBCOMUNITAT DE PROPIETARIS PLANTES BAIXES ZONA COMERCIAL MIRA-SOL CENTRE, con domicilio social en Calle Pza. Ausias March, 1-9. Pta Baja, 08195, Sant Cugat del Valles, (Barcelona) con CIF H65166985,<\/p>\n<p><strong>Condiciones de uso<\/strong><\/p>\n<p>Las presentes cdescriben los t\u00e9rminos aplicables a los servicios y contenidos ofrecidos a trav\u00e9s del sitio web <strong>mirasolacasa.cat<\/strong> y regulan las relaciones jur\u00eddicas entre la SUBCOMUNITAT DE PROPIETARIS PLANTES BAIXES ZONA COMERCIAL MIRA-SOL CENTRE y el cliente.<\/p>\n<p>El acceso a la web es de car\u00e1cter libre y gratuito, la utilizaci\u00f3n de la Web supone la aceptaci\u00f3n sin reservas de la totalidad de las Condiciones de Uso. Si no estuvieras de acuerdo con estas condiciones debes abstenerte de utilizar esta p\u00e1gina.<\/p>\n<p>La visita al sitio e-Commerce por parte del usuario deber\u00e1 hacerse de forma responsable y de conformidad a la legalidad vigente, la buena fe, las presentes condiciones y respetando los derechos de propiedad intelectual e industrial de titularidad de SUBCOMUNITAT DE PROPIETARIS PLANTES BAIXES ZONA COMERCIAL MIRA-SOL CENTRE o cualquier otras personas f\u00edsicas o jur\u00eddicas.<\/p>\n<p>El uso de cualquiera de los contenidos del sitio Web con finalidades que sean o pudieran ser il\u00edcitas queda totalmente prohibido, as\u00ed como la realizaci\u00f3n de cualquier acci\u00f3n que cause o pueda causar da\u00f1os o alteraciones de cualquier tipo no consentidas por SUBCOMUNITAT DE PROPIETARIS PLANTES BAIXES ZONA COMERCIAL MIRA-SOL CENTRE, al sitio E-Commerce o a sus contenidos.<\/p>\n<p>El sitio Web y los productos y servicios ofrecidos por SUBCOMUNITAT DE PROPIETARIS PLANTES BAIXES ZONA COMERCIAL MIRA-SOL CENTRE est\u00e1 dirigido a mayores de edad con la capacidad jur\u00eddica suficiente para poder quedar vinculado por las presentes condiciones de uso. Es posible que la utilizaci\u00f3n de ciertos servicios o la contrataci\u00f3n de algunos bienes o servicios est\u00e9 sujeto a condiciones especiales complementarias que requerir\u00e1n el consentimiento expreso y que prevalecer\u00e1n en todo caso sobre las presentes condiciones generales.<\/p>\n<p><strong>Registro de los usuarios<\/strong><\/p>\n<p>La utilizaci\u00f3n de los servicios prestados por SUBCOMUNITAT DE PROPIETARIS PLANTES BAIXES ZONA COMERCIAL MIRA-SOL CENTRE y la compra en la Web requiere el registro como usuario en la Web. Con la finalidad de completar el registro se deber\u00e1n aportar una serie de datos personales que deber\u00e1n ser veraces y exactos. Puedes consultar nuestra pol\u00edtica de privacidad en el siguiente enlace: www.<strong>mirasolacasa.cat<\/strong>\\politicadeprivacidad<\/p>\n<p>Asimismo, debes tener en cuenta que en todo momento puedes modificar tus datos personales, as\u00ed como ejercer los derechos de acceso, rectificaci\u00f3n, supresi\u00f3n, limitaci\u00f3n y de oposici\u00f3n de conformidad con la LO 3\/2018, de 5 de diciembre, de Protecci\u00f3n de Datos y de Garant\u00eda de los Derechos Digitales (LOPDGDD) y con el Reglamento (UE) 2016\/679, del Parlamento Europeo y del Consejo, de 27 de abril de 2016, relativo a la protecci\u00f3n de las personas f\u00edsicas en lo que respecta al tratamiento de datos personales y a la libre circulaci\u00f3n de estos datos (RGPD).<\/p>\n<p><strong>Pedidos<\/strong><\/p>\n<p>Una vez realizado un pedido, te llegar\u00e1 un mensaje confirmando la recepci\u00f3n del mismo, as\u00ed como con informaci\u00f3n sobre el env\u00edo y la facturaci\u00f3n del pedido realizado.<\/p>\n<p><strong>Forma de pago<\/strong><\/p>\n<p>La adquisici\u00f3n de servicios o productos a trav\u00e9s de <strong>mirasolacasa.cat<\/strong> permite las siguientes formas de pago:<\/p>\n<ul>\n<li>Pago mediante tarjeta de d\u00e9bito o cr\u00e9dito a trav\u00e9s de un TPV<\/li>\n<\/ul>\n<p><strong>Precios<\/strong><\/p>\n<p>Los precios de los productos son los indicados en la descripci\u00f3n que se les adjunta. Todos los precios indicados en la descripci\u00f3n de producto se expresan en la moneda Euro (\u20ac) e incluyen el Impuesto sobre el Valor A\u00f1adido (I.V.A.).<\/p>\n<p><strong>Condiciones de env\u00edo<\/strong><\/p>\n<p><strong>mirasolacasa.cat<\/strong> \u00fanicamente env\u00eda sus productos a: Sant Cugat del Vall\u00e8s, Valldoreix, La Floresta, Les Planes, Vallvidrera, Bellaterra i Rub\u00ed.<\/p>\n<p>La compra est\u00e1 sujeta al pago de gastos de env\u00edo, a cuenta del comprador. Los gastos de env\u00edo depender\u00e1n del destino y del importe total del pedido, los gastos se detallar\u00e1n a lo largo del proceso de compra y podr\u00e1s revisar a cu\u00e1nto ascienden los gastos de env\u00edo antes de finalizar la compra.<\/p>\n<p><strong>mirasolacasa.cat<\/strong> no se har\u00e1 responsable de la demora en la entrega de los pedidos por causas no imputables a la misma, as\u00ed como por casos fortuitos o de fuerza mayor.<\/p>\n<p>La entrega se realizar\u00e1 mediante personal propio de la empresa.<\/p>\n<p>Dispones de las siguientes opciones de entrega:<\/p>\n<ul>\n<li>Entrega al domicilio<\/li>\n<li>Entrega en el mercado<\/li>\n<\/ul>\n<p><strong>Garant\u00eda de bienes de consumo<\/strong><\/p>\n<p>Como cliente, tienes la consideraci\u00f3n de consumidor de conformidad con el Real Decreto Legislativo 1\/2007, de 16 de noviembre, por el que se aprueba el texto refundido de la Ley General para la Defensa de los Consumidores y Usuarios y otras leyes complementarias (en adelante, \u00abTRLGDCU\u00bb).<\/p>\n<p>En caso de tener problemas con productos o servicios adquiridos en esta Web puedes presentar una reclamaci\u00f3n al cualquiera de los comercios que han suministrado el producto o servicio.<\/p>\n<p><strong>Nulidad e ineficacia de las cl\u00e1usulas<\/strong><\/p>\n<p>Si cualquier cl\u00e1usula incluida en las presentes Condiciones fuese declarada total o parcialmente, nula o ineficaz, tal nulidad o ineficacia tan s\u00f3lo afectar\u00e1 a dicha disposici\u00f3n, subsistiendo las presentes Condiciones Generales en todo lo dem\u00e1s, teni\u00e9ndose tal disposici\u00f3n por no incluida.<\/p>\n<p><strong>Legislaci\u00f3n aplicable y jurisdicci\u00f3n competente<\/strong><\/p>\n<p>Las presentes condiciones se rigen de conformidad con la legislaci\u00f3n espa\u00f1ola. SUBCOMUNITAT DE PROPIETARIS PLANTES BAIXES ZONA COMERCIAL MIRA-SOL CENTRE y el usuario acuerdan someter las controversias que pudieran surgir en relaci\u00f3n a la contrataci\u00f3n de productos o servicios objeto de estas Condiciones Generales, a los Juzgados y Tribunales del domicilio del Usuario.<\/p>\n","protected":false},"excerpt":{"rendered":"<p>En cumplimiento con el deber de informaci\u00f3n recogido en art\u00edculo 10 de la Ley 34\/2002, de 11 de Julio, de Servicios de la Sociedad de la Informaci\u00f3n y del Comercio [&hellip;]<\/p>\n","protected":false},"author":1,"featured_media":0,"parent":0,"menu_order":0,"comment_status":"closed","ping_status":"closed","template":"","meta":[],"_links":{"self":[{"href":"https:\/\/mirasol-centre.com\/es\/wp-json\/wp\/v2\/pages\/6616"}],"collection":[{"href":"https:\/\/mirasol-centre.com\/es\/wp-json\/wp\/v2\/pages"}],"about":[{"href":"https:\/\/mirasol-centre.com\/es\/wp-json\/wp\/v2\/types\/page"}],"author":[{"embeddable":true,"href":"https:\/\/mirasol-centre.com\/es\/wp-json\/wp\/v2\/users\/1"}],"replies":[{"embeddable":true,"href":"https:\/\/mirasol-centre.com\/es\/wp-json\/wp\/v2\/comments?post=6616"}],"version-history":[{"count":1,"href":"https:\/\/mirasol-centre.com\/es\/wp-json\/wp\/v2\/pages\/6616\/revisions"}],"predecessor-version":[{"id":6617,"href":"https:\/\/mirasol-centre.com\/es\/wp-json\/wp\/v2\/pages\/6616\/revisions\/6617"}],"wp:attachment":[{"href":"https:\/\/mirasol-centre.com\/es\/wp-json\/wp\/v2\/media?parent=6616"}],"curies":[{"name":"wp","href":"https:\/\/api.w.org\/{rel}","templated":true}]}}